{"id":1458,"date":"2020-03-20T08:17:01","date_gmt":"2020-03-20T13:17:01","guid":{"rendered":"http:\/\/finiquip.ca\/?page_id=1458"},"modified":"2020-04-08T09:45:45","modified_gmt":"2020-04-08T14:45:45","slug":"avis","status":"publish","type":"page","link":"https:\/\/finiquip.ca\/en\/avis\/","title":{"rendered":"Proc\u00e9dures durant la COVID-19:"},"content":{"rendered":"<h3><\/h3>\n<h3><b>Commande de pi\u00e8ces et produits<\/b><\/h3>\n<ul>\n<li style=\"list-style-type: none;\">\n<ul>\n<li>Heures d\u2019op\u00e9ration du bureau pour les commandes: de <b>8h \u00e0 midi<\/b>, du <b>lundi au jeudi<\/b><\/li>\n<li>Ferm\u00e9 le vendredi<\/li>\n<li>Aucune visite en magasin<\/li>\n<li>Votre commande sera exp\u00e9di\u00e9e le jour m\u00eame (si elle est re\u00e7ue apr\u00e8s 10:30, elle risque d\u2019\u00eatre envoy\u00e9e le lendemain).<\/li>\n<\/ul>\n<\/li>\n<\/ul>\n<p>&nbsp;<\/p>\n<h3><b>R\u00e9paration \u00e0 notre atelier<\/b><\/h3>\n<ul>\n<li style=\"list-style-type: none;\">\n<ul>\n<li>R\u00e9ception de colis de 8h \u00e0 midi du lundi au jeudi (\u00e0 mentionner au transporteur)<\/li>\n<li>Ins\u00e9rer dans le colis les informations suivantes :\n<ul>\n<li>La personne responsable \u00e0 contacter<\/li>\n<li>L&rsquo;adresse pour le retour de votre colis<\/li>\n<li>Une description du probl\u00e8me<\/li>\n<li>Un num\u00e9ro de PO (\u00e0 votre discr\u00e9tion)<\/li>\n<\/ul>\n<\/li>\n<\/ul>\n<\/li>\n<\/ul>\n<p>&nbsp;<\/p>\n<h3><b>Service en usine<\/b><\/h3>\n<p><i>Conditions:<\/i><\/p>\n<ol>\n<li>Impossible pour vous de nous envoyer l&rsquo;\u00e9quipement pour une r\u00e9paration \u00e0 notre atelier.<\/li>\n<li>Vous devez \u00eatre consid\u00e9r\u00e9 comme un service essentiel (selon directives gouvernementales).<\/li>\n<li>Bris \u201cmajeur\u201d (emp\u00eache ou nuit \u00e0 la production). Pas pour une maintenance pr\u00e9ventive.<\/li>\n<\/ol>\n<p><i>Proc\u00e9dure:<\/i><\/p>\n<ol>\n<li>Acc\u00e8s direct \u00e0 la machinerie. (pas de rencontre inutile, secr\u00e9tariat, etc.)<\/li>\n<li>Pas de signature de bon de travail. (vous pouvez nous fournir un num\u00e9ro de bon de travail &laquo;PO&raquo;)<\/li>\n<\/ol>\n<p>&nbsp;<\/p>\n<h3><b>Personnes \u00e0 contacter pour:<\/b><\/h3>\n<ul>\n<li style=\"list-style-type: none;\">\n<ul>\n<li>Ventes information des produits: Christian Gigu\u00e8re, <a href=\"mailto:christiangiguere@finiquip.ca\">christiangiguere@finiquip.ca<\/a> \/ 819-352-5510<\/li>\n<li>Service technique: Pascal Bri\u00e8re, <a href=\"mailto:pascalbriere@finiquip.ca\">pascalbriere@finiquip.ca<\/a> \/ 819-350-0181<\/li>\n<li>Commande de produits: Charles Martin, <a href=\"mailto:charlesmartin@finiquip.ca\">charlesmartin@finiquip.ca<\/a> \/ 819-364-7848<\/li>\n<li>Comptabilit\u00e9: Annie Lavoie, <a href=\"mailto:annielavoie@finiquip.ca\">annielavoie@finiquip.ca<\/a><\/li>\n<\/ul>\n<\/li>\n<\/ul>","protected":false},"excerpt":{"rendered":"<p>Commande de pi\u00e8ces et produits Heures d\u2019op\u00e9ration du bureau pour les commandes: de 8h \u00e0 midi, du lundi au jeudi Ferm\u00e9 le vendredi Aucune visite en magasin Votre commande sera exp\u00e9di\u00e9e le jour m\u00eame (si elle est re\u00e7ue apr\u00e8s 10:30, elle risque d\u2019\u00eatre envoy\u00e9e le lendemain). &nbsp; R\u00e9paration \u00e0 notre atelier R\u00e9ception de colis de [&hellip;]<\/p>","protected":false},"author":2,"featured_media":0,"parent":0,"menu_order":0,"comment_status":"closed","ping_status":"closed","template":"","meta":{"footnotes":""},"_links":{"self":[{"href":"https:\/\/finiquip.ca\/en\/wp-json\/wp\/v2\/pages\/1458"}],"collection":[{"href":"https:\/\/finiquip.ca\/en\/wp-json\/wp\/v2\/pages"}],"about":[{"href":"https:\/\/finiquip.ca\/en\/wp-json\/wp\/v2\/types\/page"}],"author":[{"embeddable":true,"href":"https:\/\/finiquip.ca\/en\/wp-json\/wp\/v2\/users\/2"}],"replies":[{"embeddable":true,"href":"https:\/\/finiquip.ca\/en\/wp-json\/wp\/v2\/comments?post=1458"}],"version-history":[{"count":0,"href":"https:\/\/finiquip.ca\/en\/wp-json\/wp\/v2\/pages\/1458\/revisions"}],"wp:attachment":[{"href":"https:\/\/finiquip.ca\/en\/wp-json\/wp\/v2\/media?parent=1458"}],"curies":[{"name":"wp","href":"https:\/\/api.w.org\/{rel}","templated":true}]}}