{"id":1916,"date":"2022-07-07T13:55:34","date_gmt":"2022-07-07T18:55:34","guid":{"rendered":"https:\/\/finiquip.ca\/?page_id=1916"},"modified":"2022-07-07T18:25:42","modified_gmt":"2022-07-07T23:25:42","slug":"changement-dadresse","status":"publish","type":"page","link":"https:\/\/finiquip.ca\/en\/changement-dadresse\/","title":{"rendered":"Changement d&rsquo;adresse"},"content":{"rendered":"<p><img loading=\"lazy\" decoding=\"async\" class=\"alignnone wp-image-1783\" src=\"https:\/\/finiquip.ca\/wp-content\/uploads\/2021\/06\/Signature_transp-300x144.png\" alt=\"\" width=\"183\" height=\"88\" srcset=\"https:\/\/finiquip.ca\/wp-content\/uploads\/2021\/06\/Signature_transp-300x144.png 300w, https:\/\/finiquip.ca\/wp-content\/uploads\/2021\/06\/Signature_transp.png 466w\" sizes=\"(max-width: 183px) 100vw, 183px\" \/><\/p>\n<p>Chers clients,<\/p>\n<p>Chers fournisseurs,<\/p>\n<p>Dans le but de mieux vous servir et de r\u00e9pondre \u00e0 la demande grandissante de notre client\u00e8le, toute l\u2019\u00e9quipe de Finiquip Expertise est heureuse de vous annoncer qu\u2019elle sera dans de nouveaux locaux \u00e0 compter du <strong>1er Ao\u00fbt 2022<\/strong>.<\/p>\n<p>Voici cette nouvelle adresse :<\/p>\n<p><strong><em>Finiquip Expertise<\/em><\/strong><br \/>\n<em>325 Suite 5, J-Aur\u00e8le Roux, Victoriaville, Qu\u00e9bec<\/em><br \/>\n<em>G6T 0N6<\/em><\/p>\n<p><strong>Notre num\u00e9ro de t\u00e9l\u00e9phone reste le m\u00eame.<\/strong><\/p>\n<p>Veuillez \u00e9galement prendre note que nos bureaux seront ferm\u00e9s du 22 juillet \u00e0 12h00 jusqu\u2019au 7 ao\u00fbt inclusivement.<\/p>\n<p>Merci beaucoup de bien vouloir faire les changements n\u00e9cessaires dans vos dossiers.<\/p>\n<p>&nbsp;<\/p>\n<p>&nbsp;<\/p>\n<p>L\u2019\u00e9quipe de Finiquip Expertise<\/p>\n<p><iframe src=\"https:\/\/www.google.com\/maps\/embed?pb=!1m18!1m12!1m3!1d2767.0492756356966!2d-71.9512757485251!3d46.08999519938568!2m3!1f0!2f0!3f0!3m2!1i1024!2i768!4f13.1!3m3!1m2!1s0x4cb806b4026042c3%3A0xd50b8d63f35f0d09!2s325%20J-Aur%C3%A8le-Roux%20%235%2C%20Victoriaville%2C%20QC%20G6T%200N5!5e0!3m2!1sen!2sca!4v1657236303664!5m2!1sen!2sca\" width=\"1000\" height=\"450\" style=\"border:0;\" allowfullscreen=\"\" loading=\"lazy\" referrerpolicy=\"no-referrer-when-downgrade\"><\/iframe><\/p>","protected":false},"excerpt":{"rendered":"<p>Chers clients, Chers fournisseurs, Dans le but de mieux vous servir et de r\u00e9pondre \u00e0 la demande grandissante de notre client\u00e8le, toute l\u2019\u00e9quipe de Finiquip Expertise est heureuse de vous annoncer qu\u2019elle sera dans de nouveaux locaux \u00e0 compter du 1er Ao\u00fbt 2022. Voici cette nouvelle adresse : Finiquip Expertise 325 Suite 5, J-Aur\u00e8le Roux, [&hellip;]<\/p>","protected":false},"author":2,"featured_media":0,"parent":0,"menu_order":0,"comment_status":"closed","ping_status":"closed","template":"","meta":{"footnotes":""},"_links":{"self":[{"href":"https:\/\/finiquip.ca\/en\/wp-json\/wp\/v2\/pages\/1916"}],"collection":[{"href":"https:\/\/finiquip.ca\/en\/wp-json\/wp\/v2\/pages"}],"about":[{"href":"https:\/\/finiquip.ca\/en\/wp-json\/wp\/v2\/types\/page"}],"author":[{"embeddable":true,"href":"https:\/\/finiquip.ca\/en\/wp-json\/wp\/v2\/users\/2"}],"replies":[{"embeddable":true,"href":"https:\/\/finiquip.ca\/en\/wp-json\/wp\/v2\/comments?post=1916"}],"version-history":[{"count":0,"href":"https:\/\/finiquip.ca\/en\/wp-json\/wp\/v2\/pages\/1916\/revisions"}],"wp:attachment":[{"href":"https:\/\/finiquip.ca\/en\/wp-json\/wp\/v2\/media?parent=1916"}],"curies":[{"name":"wp","href":"https:\/\/api.w.org\/{rel}","templated":true}]}}