{"id":1963,"date":"2022-11-11T13:51:22","date_gmt":"2022-11-11T18:51:22","guid":{"rendered":"https:\/\/finiquip.ca\/?page_id=1963"},"modified":"2022-11-15T07:18:37","modified_gmt":"2022-11-15T12:18:37","slug":"informations-bancaire","status":"publish","type":"page","link":"https:\/\/finiquip.ca\/en\/informations-bancaire\/","title":{"rendered":"Informations bancaire"},"content":{"rendered":"<p><img decoding=\"async\" src=\"https:\/\/finiquip.ca\/wp-content\/uploads\/2022\/11\/bank_icon.png\" alt=\"\" width=\"100\" class=\"alignnone size-full wp-image-1973\" srcset=\"https:\/\/finiquip.ca\/wp-content\/uploads\/2022\/11\/bank_icon.png 294w, https:\/\/finiquip.ca\/wp-content\/uploads\/2022\/11\/bank_icon-150x150.png 150w, https:\/\/finiquip.ca\/wp-content\/uploads\/2022\/11\/bank_icon-12x12.png 12w\" sizes=\"(max-width: 294px) 100vw, 294px\" \/><br \/>\n<\/p>\n<h2>Voici nos information pour l&rsquo;inscription au service de transfert bancaire.<\/h2>\n<ul>\n<strong>Nom de notre compagnie :<\/strong> <br \/>\nFiniquip Expertise inc.<\/p>\n<p>\n<strong>Adresse :<\/strong><br \/>\n325, J-Aur\u00e8le Roux, Suite 5<br \/>\nVictoriaville, Qu\u00e9bec\u2028, G6T 0N6<\/p>\n<p>\n<strong>Nom de la personne-ressource :<\/strong> Annie Lavoie<br \/>\n<strong>Num\u00e9ro de t\u00e9l\u00e9phone :<\/strong> 819-364-7848<\/p>\n<p>\n<strong>Adresse \u00e9lectronique pour l\u2019envoi de confirmation de paiement:<\/strong> <br \/>\npayables@finiquip.ca<\/p>\n<p>\n<strong>Nom de notre institution bancaire :<\/strong> <br \/>\nCaisse Desjardins de l\u2019\u00c9rable<\/p>\n<p>\n<strong>Adresse de la succursale :<\/strong><br \/>\n1658, rue St-Calixte. C.P. 187<br \/>\nPlessisville, Qu\u00e9bec\u2028G6L 2Y7<\/p>\n<p>\n<strong>Num\u00e9ro de banque :<\/strong> 815<br \/>\n<strong>Num\u00e9ro de transit :<\/strong> 20105<br \/>\n<strong>Num\u00e9ro de compte :<\/strong> 6511638<\/ul>\n<hr class=\"solid\">\n<p><section id=\"interac\">\n<img loading=\"lazy\" decoding=\"async\" src=\"https:\/\/finiquip.ca\/wp-content\/uploads\/2022\/11\/InteracLogo.png\" alt=\"\" width=\"100\" height=\"100\" class=\"alignnone size-full wp-image-1992\" ><\/p>\n<h3>Nous acceptons les virements Interac<\/h3>\n<p><strong>Adresse \u00e9lectronique pour l\u2019envoi:<\/strong><br \/>\npayables@finiquip.ca<\/p>\n<p>\nFaire parvenir votre r\u00e9ponse \u00e0 la question \u00e0 ce courriel \u00e9galement ou t\u00e9l\u00e9phoner au 819-364-7848.<\/p>","protected":false},"excerpt":{"rendered":"<p>Voici nos information pour l&rsquo;inscription au service de transfert bancaire. Nom de notre compagnie : Finiquip Expertise inc. Adresse : 325, J-Aur\u00e8le Roux, Suite 5 Victoriaville, Qu\u00e9bec\u2028, G6T 0N6 Nom de la personne-ressource : Annie Lavoie Num\u00e9ro de t\u00e9l\u00e9phone : 819-364-7848 Adresse \u00e9lectronique pour l\u2019envoi de confirmation de paiement: payables@finiquip.ca Nom de notre institution bancaire [&hellip;]<\/p>","protected":false},"author":2,"featured_media":0,"parent":0,"menu_order":0,"comment_status":"closed","ping_status":"closed","template":"","meta":{"footnotes":""},"_links":{"self":[{"href":"https:\/\/finiquip.ca\/en\/wp-json\/wp\/v2\/pages\/1963"}],"collection":[{"href":"https:\/\/finiquip.ca\/en\/wp-json\/wp\/v2\/pages"}],"about":[{"href":"https:\/\/finiquip.ca\/en\/wp-json\/wp\/v2\/types\/page"}],"author":[{"embeddable":true,"href":"https:\/\/finiquip.ca\/en\/wp-json\/wp\/v2\/users\/2"}],"replies":[{"embeddable":true,"href":"https:\/\/finiquip.ca\/en\/wp-json\/wp\/v2\/comments?post=1963"}],"version-history":[{"count":0,"href":"https:\/\/finiquip.ca\/en\/wp-json\/wp\/v2\/pages\/1963\/revisions"}],"wp:attachment":[{"href":"https:\/\/finiquip.ca\/en\/wp-json\/wp\/v2\/media?parent=1963"}],"curies":[{"name":"wp","href":"https:\/\/api.w.org\/{rel}","templated":true}]}}