{"id":23,"date":"2014-04-10T18:17:42","date_gmt":"2014-04-10T18:17:42","guid":{"rendered":"http:\/\/finiquip.ca\/?page_id=23"},"modified":"2023-05-10T14:46:56","modified_gmt":"2023-05-10T19:46:56","slug":"pulverisation","status":"publish","type":"page","link":"https:\/\/finiquip.ca\/en\/pulverisation\/","title":{"rendered":"Spraying"},"content":{"rendered":"<h4><strong>PULV\u00c9RISATION AIRMIX<\/strong><\/h4>\n<h4><em>Essentiellement, la pulv\u00e9risation Airmix\u00ae est un mariage des meilleurs avantages<br \/>\nde la pulv\u00e9risation pneumatique HVLP et Airless\u00ae.<\/em><\/h4>\n<p><strong>Voyez ce que l\u2019Airmix\u00ae peut faire pour vous :<\/strong><\/p>\n<p>\u2022 Qualit\u00e9 de finition exceptionnelle<br \/>\n\u2022 \u00c9conomie de peinture substantielle (minimum 25% vs l\u2019HVLP)<br \/>\n\u2022 Brouillard et rebond r\u00e9duits ; Taux de transfert de 86%<br \/>\n\u2022 Amortissement rapide<\/p>\n<h4><a href=\"http:\/\/finiquip.ca\/wp-content\/uploads\/2014\/04\/Xcite_p.jpg\" target=\"_blank\" rel=\"noopener lightbox-0\"><img loading=\"lazy\" decoding=\"async\" class=\"alignnone  wp-image-105\" alt=\"Xcite_p\" src=\"http:\/\/finiquip.ca\/wp-content\/uploads\/2014\/04\/Xcite_p-169x300.jpg\" width=\"125\" height=\"229\" \/><\/a>\u00a0\u00a0<a href=\"http:\/\/finiquip.ca\/wp-content\/uploads\/2018\/02\/d7beda5b5922596a47406376fa2dd1489223228b1f917d61274db957dbc30b2b270d9c152515c7b58f42b96cb746208c024007b2f5549cf8f29a5881a94c453c.jpeg\" target=\"_blank\" rel=\"noopener lightbox-1\"><img loading=\"lazy\" decoding=\"async\" class=\"alignnone  wp-image-103\" alt=\"Nanogun Airmix\" src=\"http:\/\/finiquip.ca\/wp-content\/uploads\/2018\/02\/d7beda5b5922596a47406376fa2dd1489223228b1f917d61274db957dbc30b2b270d9c152515c7b58f42b96cb746208c024007b2f5549cf8f29a5881a94c453c.jpeg\" width=\"185\" height=\"229\" \/><\/a>\u00a0\u00a0<a href=\"http:\/\/finiquip.ca\/wp-content\/uploads\/2014\/04\/EOS-15-C25-30-C25-Pump.png\" target=\"_blank\" rel=\"noopener lightbox-2\"><img loading=\"lazy\" decoding=\"async\" class=\"alignnone  wp-image-102\" alt=\"EOS-15-C25-30-C25-Pump\" src=\"http:\/\/finiquip.ca\/wp-content\/uploads\/2014\/04\/EOS-15-C25-30-C25-Pump-133x300.png\" width=\"95\" height=\"229\" \/><\/a>\u00a0\u00a0<a href=\"http:\/\/finiquip.ca\/wp-content\/uploads\/2014\/04\/Cyclomix-Micro.jpg\" target=\"_blank\" rel=\"noopener lightbox-3\"><img loading=\"lazy\" decoding=\"async\" width=\"181\" height=\"300\" class=\"alignnone  wp-image-101\" alt=\"Cyclomix Micro\" src=\"http:\/\/finiquip.ca\/wp-content\/uploads\/2014\/04\/Cyclomix-Micro-181x300.jpg\" \/><\/a>\u00a0\u00a0<a href=\"http:\/\/finiquip.ca\/wp-content\/uploads\/2018\/02\/AVXauto.jpg\" target=\"_blank\" rel=\"noopener lightbox-4\"><img loading=\"lazy\" decoding=\"async\" class=\"alignnone size-medium wp-image-100\" alt=\"AVX\" src=\"http:\/\/finiquip.ca\/wp-content\/uploads\/2018\/02\/AVXauto.jpg\" width=\"229\" height=\"229\" \/><\/a><\/h4>\n<h4>En application manuelle ou automatis\u00e9, la technologie Airmix\u00ae<br \/>\nest offerte dans un vaste choix d\u2019\u00e9quipements et d\u2019options :<\/h4>\n<p>\u2022 Pistolet manuel Xcite et l&rsquo;\u00e9lectrostatique Nanogun<br \/>\n\u2022 Pistolet automatique AVX, ASC et ASB<br \/>\n\u2022 Pompe Flowmax\u00ae<br \/>\n\u2022 Doseuses 2K\/3K Cyclomix et PU3000<\/p>\n<h4><strong><a href=\"http:\/\/finiquip.ca\/wp-content\/uploads\/2014\/04\/Xcite_p.jpg\" target=\"_blank\" rel=\"noopener lightbox-0\"><br \/>\n<\/a>PULV\u00c9RISATION PNEUMATIQUE<\/strong><\/h4>\n<p><em><a href=\"https:\/\/a.xsaltocdn.net\/imgs\/e108f390ca99a964ce25a70d295ebfb40b3e3aa18b73c6bcda2b0b3ea1f1ee820b503b911894ea192b1c2dca4e5d48e27292117f73a76f0c6d17da49404c013a.jpeg\" rel=\"lightbox-6\"><img loading=\"lazy\" decoding=\"async\" class=\"alignleft size-medium wp-image-104\" alt=\"M22GHTI\" src=\"https:\/\/a.xsaltocdn.net\/imgs\/e108f390ca99a964ce25a70d295ebfb40b3e3aa18b73c6bcda2b0b3ea1f1ee820b503b911894ea192b1c2dca4e5d48e27292117f73a76f0c6d17da49404c013a.jpeg\" width=\"184\" height=\"300\" \/><\/a>Bien entendu chez Sames\u00a0la technologie pneumatique basse pression est toujours pr\u00e9sente et d\u00e9velopp\u00e9e.\u00a0<\/em><em>En application\u00a0manuelle les pistolets de gamme Fpro surclassent toute comp\u00e9tition en mati\u00e8re de finesse de pulv\u00e9risation et\u00a0conception avanc\u00e9e.<\/em><\/p>\n<p>&nbsp;<\/p>\n<h4>Pour toute question se rapportant \u00e0 la pulv\u00e9risation,<br \/>\ncommuniquez avec nous !<\/h4>\n<h4><strong><span style=\"text-decoration: underline;\"><a href=\"mailto:info@finiquip.ca\">info@finiquip.ca<\/a><\/span><\/strong><\/h4>","protected":false},"excerpt":{"rendered":"<p>PULV\u00c9RISATION AIRMIX Essentiellement, la pulv\u00e9risation Airmix\u00ae est un mariage des meilleurs avantages de la pulv\u00e9risation pneumatique HVLP et Airless\u00ae. Voyez ce que l\u2019Airmix\u00ae peut faire pour vous : \u2022 Qualit\u00e9 de finition exceptionnelle \u2022 \u00c9conomie de peinture substantielle (minimum 25% vs l\u2019HVLP) \u2022 Brouillard et rebond r\u00e9duits ; Taux de transfert de 86% \u2022 Amortissement [&hellip;]<\/p>","protected":false},"author":1,"featured_media":0,"parent":0,"menu_order":0,"comment_status":"closed","ping_status":"closed","template":"","meta":{"footnotes":""},"_links":{"self":[{"href":"https:\/\/finiquip.ca\/en\/wp-json\/wp\/v2\/pages\/23"}],"collection":[{"href":"https:\/\/finiquip.ca\/en\/wp-json\/wp\/v2\/pages"}],"about":[{"href":"https:\/\/finiquip.ca\/en\/wp-json\/wp\/v2\/types\/page"}],"author":[{"embeddable":true,"href":"https:\/\/finiquip.ca\/en\/wp-json\/wp\/v2\/users\/1"}],"replies":[{"embeddable":true,"href":"https:\/\/finiquip.ca\/en\/wp-json\/wp\/v2\/comments?post=23"}],"version-history":[{"count":0,"href":"https:\/\/finiquip.ca\/en\/wp-json\/wp\/v2\/pages\/23\/revisions"}],"wp:attachment":[{"href":"https:\/\/finiquip.ca\/en\/wp-json\/wp\/v2\/media?parent=23"}],"curies":[{"name":"wp","href":"https:\/\/api.w.org\/{rel}","templated":true}]}}