{"id":25,"date":"2014-04-10T18:18:01","date_gmt":"2014-04-10T18:18:01","guid":{"rendered":"http:\/\/finiquip.ca\/?page_id=25"},"modified":"2018-02-23T15:18:16","modified_gmt":"2018-02-23T20:18:16","slug":"poudrage","status":"publish","type":"page","link":"https:\/\/finiquip.ca\/en\/poudrage\/","title":{"rendered":"Powder"},"content":{"rendered":"<h4><strong><a href=\"http:\/\/finiquip.ca\/wp-content\/uploads\/2018\/02\/8039-11379402.jpg\" target=\"_blank\" rel=\"lightbox-0\"><img loading=\"lazy\" decoding=\"async\" class=\"wp-image-119 alignright\" alt=\"poudrage-nanobell\" src=\"http:\/\/finiquip.ca\/wp-content\/uploads\/2018\/02\/8039-11379402.jpg\" width=\"480\" height=\"480\" \/><br \/>\n<img loading=\"lazy\" decoding=\"async\" src=\"http:\/\/finiquip.ca\/wp-content\/uploads\/2018\/02\/78cc3c086d4a311df8c077457e876cef2e7e3a3317f4e5772138828b90f23b2a2ec6990ecc1ef0fb7dd02dea0acf9b2bb81d59c001a21a180eae9bbce250f060.jpg\" alt=\"\" width=\"476\" height=\"476\" class=\"alignright size-full wp-image-1162\" srcset=\"https:\/\/finiquip.ca\/wp-content\/uploads\/2018\/02\/78cc3c086d4a311df8c077457e876cef2e7e3a3317f4e5772138828b90f23b2a2ec6990ecc1ef0fb7dd02dea0acf9b2bb81d59c001a21a180eae9bbce250f060.jpg 476w, https:\/\/finiquip.ca\/wp-content\/uploads\/2018\/02\/78cc3c086d4a311df8c077457e876cef2e7e3a3317f4e5772138828b90f23b2a2ec6990ecc1ef0fb7dd02dea0acf9b2bb81d59c001a21a180eae9bbce250f060-150x150.jpg 150w, https:\/\/finiquip.ca\/wp-content\/uploads\/2018\/02\/78cc3c086d4a311df8c077457e876cef2e7e3a3317f4e5772138828b90f23b2a2ec6990ecc1ef0fb7dd02dea0acf9b2bb81d59c001a21a180eae9bbce250f060-300x300.jpg 300w\" sizes=\"(max-width: 476px) 100vw, 476px\" \/><br \/>\n<\/a>PEINTURE EN POUDRE<\/strong><\/h4>\n<h4><em>En mati\u00e8re de peinture en poudre, l\u2019expertise de longue date de Sames l\u00e8ve la barre haute. <\/em><\/h4>\n<p>Effectivement d\u2019une simple\u00a0application manuelle jusqu\u2019\u00e0 l\u2019application robotis\u00e9e, les produits de Sames r\u00e9pondent aux plus hauts standards de\u00a0l\u2019industrie. Un laboratoire permanent situ\u00e9 \u00e0 Plymouth au Michigan d\u00e9montre la proactivit\u00e9 et la pr\u00e9sence de Sames sur le\u00a0\u00a0march\u00e9 nord-am\u00e9ricain.<br \/>\n<span style=\"color: #ffffff;\">.<\/span><\/p>\n<h4>Pour toute question&#8230;<br \/>\nCommuniquez avec nous !<\/h4>\n<h4><strong><a href=\"mailto:info@finiquip.ca\">info@finiquip.ca<\/a><\/strong><\/h4>","protected":false},"excerpt":{"rendered":"<p>PEINTURE EN POUDRE En mati\u00e8re de peinture en poudre, l\u2019expertise de longue date de Sames l\u00e8ve la barre haute. Effectivement d\u2019une simple\u00a0application manuelle jusqu\u2019\u00e0 l\u2019application robotis\u00e9e, les produits de Sames r\u00e9pondent aux plus hauts standards de\u00a0l\u2019industrie. Un laboratoire permanent situ\u00e9 \u00e0 Plymouth au Michigan d\u00e9montre la proactivit\u00e9 et la pr\u00e9sence de Sames sur le\u00a0\u00a0march\u00e9 nord-am\u00e9ricain. [&hellip;]<\/p>","protected":false},"author":1,"featured_media":0,"parent":0,"menu_order":0,"comment_status":"closed","ping_status":"closed","template":"","meta":{"footnotes":""},"_links":{"self":[{"href":"https:\/\/finiquip.ca\/en\/wp-json\/wp\/v2\/pages\/25"}],"collection":[{"href":"https:\/\/finiquip.ca\/en\/wp-json\/wp\/v2\/pages"}],"about":[{"href":"https:\/\/finiquip.ca\/en\/wp-json\/wp\/v2\/types\/page"}],"author":[{"embeddable":true,"href":"https:\/\/finiquip.ca\/en\/wp-json\/wp\/v2\/users\/1"}],"replies":[{"embeddable":true,"href":"https:\/\/finiquip.ca\/en\/wp-json\/wp\/v2\/comments?post=25"}],"version-history":[{"count":0,"href":"https:\/\/finiquip.ca\/en\/wp-json\/wp\/v2\/pages\/25\/revisions"}],"wp:attachment":[{"href":"https:\/\/finiquip.ca\/en\/wp-json\/wp\/v2\/media?parent=25"}],"curies":[{"name":"wp","href":"https:\/\/api.w.org\/{rel}","templated":true}]}}