{"id":27,"date":"2014-04-10T18:18:28","date_gmt":"2014-04-10T18:18:28","guid":{"rendered":"http:\/\/finiquip.ca\/?page_id=27"},"modified":"2023-05-10T14:50:22","modified_gmt":"2023-05-10T19:50:22","slug":"extrusion","status":"publish","type":"page","link":"https:\/\/finiquip.ca\/en\/extrusion\/","title":{"rendered":"High Viscosity"},"content":{"rendered":"<p><!-- Google tag (gtag.js) --><br \/>\n<script async src=\"https:\/\/www.googletagmanager.com\/gtag\/js?id=G-K75RMCLX99\"><\/script><br \/>\n<script>\n  window.dataLayer = window.dataLayer || [];\n  function gtag(){dataLayer.push(arguments);}\n  gtag('js', new Date());<\/p>\n<p>  gtag('config', 'G-K75RMCLX99');\n<\/script><\/p>\n<h4><strong><a href=\"http:\/\/finiquip.ca\/wp-content\/uploads\/2014\/04\/thor-dual.jpg\" target=\"_blank\" rel=\"noopener lightbox-0\"><img loading=\"lazy\" decoding=\"async\" class=\"alignright  wp-image-129\" alt=\"thor-dual\" src=\"http:\/\/finiquip.ca\/wp-content\/uploads\/2014\/04\/thor-dual.jpg\" width=\"384\" height=\"480\" srcset=\"https:\/\/finiquip.ca\/wp-content\/uploads\/2014\/04\/thor-dual.jpg 600w, https:\/\/finiquip.ca\/wp-content\/uploads\/2014\/04\/thor-dual-240x300.jpg 240w\" sizes=\"(max-width: 384px) 100vw, 384px\" \/><\/a>LA POMPES THOR<\/strong><\/h4>\n<h4><em>Depuis plus de 90 ans Sames (Kremlin-Rexson) offre \u00e0 l\u2019industrie des \u00e9quipements solides et fiables pour les produits p\u00e2teux.<\/em><\/h4>\n<p>En\u00a0effet la diversit\u00e9 de la nouvelle gamme de pompes Thor r\u00e9pondra sp\u00e9cifiquement \u00e0 votre besoin en mati\u00e8re de pompage.\u00a0La conception modulaire des pompes Thor permettra la s\u00e9lection judicieuse de votre syst\u00e8me; cylindr\u00e9e, \u00e9l\u00e9vateur,\u00a0plateau-suiveur et accessoires.<br \/>\n<span style=\"color: #ffffff;\">.<\/span><\/p>\n<h4>Pour toute question\u2026<br \/>\nCommuniquez avec nous !<\/h4>\n<h4><strong><a href=\"mailto:info@finiquip.ca\">info@finiquip.ca<\/a><\/strong><\/h4>","protected":false},"excerpt":{"rendered":"<p>LA POMPES THOR Depuis plus de 90 ans Sames (Kremlin-Rexson) offre \u00e0 l\u2019industrie des \u00e9quipements solides et fiables pour les produits p\u00e2teux. En\u00a0effet la diversit\u00e9 de la nouvelle gamme de pompes Thor r\u00e9pondra sp\u00e9cifiquement \u00e0 votre besoin en mati\u00e8re de pompage.\u00a0La conception modulaire des pompes Thor permettra la s\u00e9lection judicieuse de votre syst\u00e8me; cylindr\u00e9e, \u00e9l\u00e9vateur,\u00a0plateau-suiveur [&hellip;]<\/p>","protected":false},"author":1,"featured_media":0,"parent":0,"menu_order":0,"comment_status":"closed","ping_status":"closed","template":"","meta":{"footnotes":""},"_links":{"self":[{"href":"https:\/\/finiquip.ca\/en\/wp-json\/wp\/v2\/pages\/27"}],"collection":[{"href":"https:\/\/finiquip.ca\/en\/wp-json\/wp\/v2\/pages"}],"about":[{"href":"https:\/\/finiquip.ca\/en\/wp-json\/wp\/v2\/types\/page"}],"author":[{"embeddable":true,"href":"https:\/\/finiquip.ca\/en\/wp-json\/wp\/v2\/users\/1"}],"replies":[{"embeddable":true,"href":"https:\/\/finiquip.ca\/en\/wp-json\/wp\/v2\/comments?post=27"}],"version-history":[{"count":0,"href":"https:\/\/finiquip.ca\/en\/wp-json\/wp\/v2\/pages\/27\/revisions"}],"wp:attachment":[{"href":"https:\/\/finiquip.ca\/en\/wp-json\/wp\/v2\/media?parent=27"}],"curies":[{"name":"wp","href":"https:\/\/api.w.org\/{rel}","templated":true}]}}