{"id":29,"date":"2014-04-10T18:18:45","date_gmt":"2014-04-10T18:18:45","guid":{"rendered":"http:\/\/finiquip.ca\/?page_id=29"},"modified":"2023-05-10T14:49:50","modified_gmt":"2023-05-10T19:49:50","slug":"filtration","status":"publish","type":"page","link":"https:\/\/finiquip.ca\/en\/filtration\/","title":{"rendered":"Filtration"},"content":{"rendered":"<p><!-- Google tag (gtag.js) --><br \/>\n<script async src=\"https:\/\/www.googletagmanager.com\/gtag\/js?id=G-K75RMCLX99\"><\/script><br \/>\n<script>\n  window.dataLayer = window.dataLayer || [];\n  function gtag(){dataLayer.push(arguments);}\n  gtag('js', new Date());<\/p>\n<p>  gtag('config', 'G-K75RMCLX99');\n<\/script><\/p>\n<h4><strong> <\/a>FILTRATION DE L&rsquo;AIR<\/strong><\/h4>\n<h4><em>Saviez-vous que Finiquip Expertise peut satisfaire tous vos besoins en mati\u00e8re de filtration de l\u2019air, de l\u2019eau et des huiles ?<\/em><\/h4>\n<p>Avec la collaboration de MANN+HUMMEL, fabricant de filtres situ\u00e9 \u00e0 Trois-Rivi\u00e8res, nous avons l\u2019exp\u00e9rience et le savoir-faire en ce qui concerne la filtration de votre cabine \u00e0 peinture, syst\u00e8me d\u2019apport d\u2019air ambiant et r\u00e9seau d\u2019air comprim\u00e9.<br \/>\n<a href=\"http:\/\/finiquip.ca\/wp-content\/uploads\/2014\/04\/ANDREAElogo.jpg\" rel=\"lightbox-0\"><img loading=\"lazy\" decoding=\"async\" class=\"alignright\" alt=\"ANDREAElogo\" src=\"http:\/\/finiquip.ca\/wp-content\/uploads\/2014\/04\/ANDREAElogo.jpg\" width=\"400\" height=\"224\" \/><\/a><br \/>\n<span style=\"color: #ffffff;\">.<\/span><\/p>\n<h4>Pour toute question\u2026<br \/>\nCommuniquez avec nous !<\/h4>\n<h4><strong><a href=\"mailto:info@finiquip.ca\">info@finiquip.ca<\/a><\/strong><\/h4>\n<p>&nbsp;<\/p>","protected":false},"excerpt":{"rendered":"<p>FILTRATION DE L&rsquo;AIR Saviez-vous que Finiquip Expertise peut satisfaire tous vos besoins en mati\u00e8re de filtration de l\u2019air, de l\u2019eau et des huiles ? Avec la collaboration de MANN+HUMMEL, fabricant de filtres situ\u00e9 \u00e0 Trois-Rivi\u00e8res, nous avons l\u2019exp\u00e9rience et le savoir-faire en ce qui concerne la filtration de votre cabine \u00e0 peinture, syst\u00e8me d\u2019apport d\u2019air [&hellip;]<\/p>","protected":false},"author":1,"featured_media":0,"parent":0,"menu_order":0,"comment_status":"closed","ping_status":"closed","template":"","meta":{"footnotes":""},"_links":{"self":[{"href":"https:\/\/finiquip.ca\/en\/wp-json\/wp\/v2\/pages\/29"}],"collection":[{"href":"https:\/\/finiquip.ca\/en\/wp-json\/wp\/v2\/pages"}],"about":[{"href":"https:\/\/finiquip.ca\/en\/wp-json\/wp\/v2\/types\/page"}],"author":[{"embeddable":true,"href":"https:\/\/finiquip.ca\/en\/wp-json\/wp\/v2\/users\/1"}],"replies":[{"embeddable":true,"href":"https:\/\/finiquip.ca\/en\/wp-json\/wp\/v2\/comments?post=29"}],"version-history":[{"count":0,"href":"https:\/\/finiquip.ca\/en\/wp-json\/wp\/v2\/pages\/29\/revisions"}],"wp:attachment":[{"href":"https:\/\/finiquip.ca\/en\/wp-json\/wp\/v2\/media?parent=29"}],"curies":[{"name":"wp","href":"https:\/\/api.w.org\/{rel}","templated":true}]}}