{"id":31,"date":"2014-04-10T18:18:59","date_gmt":"2014-04-10T18:18:59","guid":{"rendered":"http:\/\/finiquip.ca\/?page_id=31"},"modified":"2014-04-15T18:22:17","modified_gmt":"2014-04-15T18:22:17","slug":"cabines","status":"publish","type":"page","link":"https:\/\/finiquip.ca\/en\/cabines\/","title":{"rendered":"Spray booth"},"content":{"rendered":"<h4><strong><a href=\"http:\/\/finiquip.ca\/wp-content\/uploads\/2014\/04\/laflamme_logo_3.jpg\" target=\"_blank\" rel=\"lightbox-0\"><img loading=\"lazy\" decoding=\"async\" class=\"alignright  wp-image-140\" alt=\"laflamme_logo_3\" src=\"http:\/\/finiquip.ca\/wp-content\/uploads\/2014\/04\/laflamme_logo_3.jpg\" width=\"486\" height=\"145\" srcset=\"https:\/\/finiquip.ca\/wp-content\/uploads\/2014\/04\/laflamme_logo_3.jpg 836w, https:\/\/finiquip.ca\/wp-content\/uploads\/2014\/04\/laflamme_logo_3-300x89.jpg 300w\" sizes=\"(max-width: 486px) 100vw, 486px\" \/><\/a>CABINE \u00c0 PEINTURE<\/strong><\/h4>\n<h4><em>Finiquip Expertise travaille avec les experts de Laflamme Air Libre.<\/em><\/h4>\n<p>Pour compl\u00e9menter aux \u00e9quipements de peinture et \u00e0 la filtration, Finiquip Expertise travaille conjointement depuis\u00a0plusieurs ann\u00e9es avec les experts de Laflamme Air Libre, manufacturier de cabines \u00e0 peinture.<\/p>\n<p>Distributeur-partenaire\u00a0autoris\u00e9 des produits LAL,<br \/>\nnous sommes les premiers \u00e0 appeler pour la r\u00e9alisation d\u2019un projet de cabine \u00e0 peinture ou de\u00a0four de s\u00e9chage.<br \/>\n<span style=\"color: #ffffff;\">.<\/span><\/p>\n<h4>Pour toute question\u2026<br \/>\nCommuniquez avec nous !<\/h4>\n<h4><strong><a href=\"mailto:info@finiquip.ca\">info@finiquip.ca<\/a><\/strong><\/h4>","protected":false},"excerpt":{"rendered":"<p>CABINE \u00c0 PEINTURE Finiquip Expertise travaille avec les experts de Laflamme Air Libre. Pour compl\u00e9menter aux \u00e9quipements de peinture et \u00e0 la filtration, Finiquip Expertise travaille conjointement depuis\u00a0plusieurs ann\u00e9es avec les experts de Laflamme Air Libre, manufacturier de cabines \u00e0 peinture. Distributeur-partenaire\u00a0autoris\u00e9 des produits LAL, nous sommes les premiers \u00e0 appeler pour la r\u00e9alisation d\u2019un [&hellip;]<\/p>","protected":false},"author":1,"featured_media":0,"parent":0,"menu_order":0,"comment_status":"closed","ping_status":"closed","template":"","meta":{"footnotes":""},"_links":{"self":[{"href":"https:\/\/finiquip.ca\/en\/wp-json\/wp\/v2\/pages\/31"}],"collection":[{"href":"https:\/\/finiquip.ca\/en\/wp-json\/wp\/v2\/pages"}],"about":[{"href":"https:\/\/finiquip.ca\/en\/wp-json\/wp\/v2\/types\/page"}],"author":[{"embeddable":true,"href":"https:\/\/finiquip.ca\/en\/wp-json\/wp\/v2\/users\/1"}],"replies":[{"embeddable":true,"href":"https:\/\/finiquip.ca\/en\/wp-json\/wp\/v2\/comments?post=31"}],"version-history":[{"count":0,"href":"https:\/\/finiquip.ca\/en\/wp-json\/wp\/v2\/pages\/31\/revisions"}],"wp:attachment":[{"href":"https:\/\/finiquip.ca\/en\/wp-json\/wp\/v2\/media?parent=31"}],"curies":[{"name":"wp","href":"https:\/\/api.w.org\/{rel}","templated":true}]}}