{"id":44,"date":"2014-04-10T18:27:10","date_gmt":"2014-04-10T18:27:10","guid":{"rendered":"http:\/\/finiquip.ca\/?page_id=44"},"modified":"2025-11-28T10:53:16","modified_gmt":"2025-11-28T15:53:16","slug":"documentation-technique-doseuses","status":"publish","type":"page","link":"https:\/\/finiquip.ca\/en\/documentation-technique-doseuses\/","title":{"rendered":"Documentation Technique : Doseuses"},"content":{"rendered":"<hr align=\"left\" width=\"100%\" size=\"1\">\n<h4><strong>Doseuses \u00c9lectro-m\u00e9canique:<\/strong><\/h4>\n<p><a href=\"http:\/\/finiquip.ca\/wp-content\/uploads\/2019\/09\/PU3000_2L.pdf\" target=\"_blank\" rel=\"noopener noreferrer\"><strong>Manuel PU3000 2L (Airless)<\/strong><\/a><\/p>\n<p><a href=\"https:\/\/finiquip.ca\/wp-content\/uploads\/2025\/11\/PU_3000_2L__30_1-sames-airmix-airless-airspray-582002110-US-A.pdf\" target=\"_blank\" rel=\"noopener noreferrer\"><strong>Manuel PU3000<\/strong><\/a><br \/>\n<a href=\"https:\/\/finiquip.ca\/wp-content\/uploads\/2025\/11\/PU_3000_2L__30_1-sames-airmix-airless-airspray-582002110-US-A.pdf#page=35\" target=\"_blank\" rel=\"noopener noreferrer\">Param\u00e8tres (page 35)<\/a><br \/>\n<a href=\"http:\/\/finiquip.ca\/wp-content\/uploads\/2017\/04\/573387050.pdf\" target=\"_blank\" rel=\"noopener noreferrer\">Moteur PU3000<\/a><\/p>\n<hr align=\"left\" width=\"100%\" size=\"1\">\n<h4><strong>Doseuses \u00c9lectronique:<\/strong><\/h4>\n<p><a href=\"https:\/\/finiquip.ca\/wp-content\/uploads\/2024\/06\/Cyclomix-Evo-manual.pdf\" target=\"_blank\" rel=\"noopener noreferrer\">Manuel Cyclomix Evo (En)<\/a><br \/>\n<a href=\"https:\/\/finiquip.ca\/wp-content\/uploads\/2024\/06\/Cyclomix_Evo-SpareParts.pdf\" target=\"_blank\" rel=\"noopener noreferrer\">Pi\u00e8ces Cyclomix Evo (En)<\/a><\/p>\n<p><a href=\"http:\/\/finiquip.ca\/wp-content\/uploads\/2018\/03\/Cyclomix-multi-multi-PH-instructions-manual-sames-kremlin-582080110-uk.pdf\" target=\"_blank\" rel=\"noopener noreferrer\">Manuel Cyclomix Multi<\/a><\/p>\n<p>\n<a href=\"https:\/\/finiquip.ca\/wp-content\/uploads\/2025\/01\/Cyclomix-micro-electronic-mixing-system-instructions-manual-sames-kremlin-582079110-uk.pdf\" target=\"_blank\" rel=\"noopener noreferrer\">Manuel Cyclomix Micro<\/a><br \/>\n<a href=\"http:\/\/finiquip.ca\/wp-content\/uploads\/2014\/11\/pieces-cyclomix-micro.pdf\" target=\"_blank\" rel=\"noopener noreferrer\">Pi\u00e8ces Cyclomix Micro<\/a><\/p>\n<hr align=\"left\" width=\"100%\" size=\"1\">\n<h4><strong>Cyclomix Expert:<\/strong><\/h4>\n<p><a href=\"http:\/\/finiquip.ca\/wp-content\/uploads\/2018\/06\/Cyclomix-expert-manual.pdf\" target=\"_blank\" rel=\"noopener noreferrer\"><strong>Manuel d&rsquo;instructions (en)<\/strong><\/a><\/p>\n<hr align=\"left\" width=\"100%\" size=\"1\">\n<h4><strong>Accessoires:<\/strong><\/h4>\n<p><a href=\"http:\/\/finiquip.ca\/wp-content\/uploads\/2019\/05\/Mixer-Expert-for-Micro-62-2661-00.pdf\" target=\"_blank\" rel=\"noopener noreferrer\">Mixer rigide pour doseuse<\/a><br \/>\n<a href=\"http:\/\/finiquip.ca\/wp-content\/uploads\/2014\/04\/bloc_CTM.pdf\" target=\"_blank\" rel=\"noopener noreferrer\">Bloc CTM<\/a><br \/>\n<a href=\"http:\/\/finiquip.ca\/wp-content\/uploads\/2014\/04\/pilote_CTM.pdf\" target=\"_blank\" rel=\"noopener noreferrer\">Pilote CTM<\/a><\/p>","protected":false},"excerpt":{"rendered":"<p>Doseuses \u00c9lectro-m\u00e9canique: Manuel PU3000 2L (Airless) Manuel PU3000 Param\u00e8tres (page 35) Moteur PU3000 Doseuses \u00c9lectronique: Manuel Cyclomix Evo (En) Pi\u00e8ces Cyclomix Evo (En) Manuel Cyclomix Multi Manuel Cyclomix Micro Pi\u00e8ces Cyclomix Micro Cyclomix Expert: Manuel d&rsquo;instructions (en) Accessoires: Mixer rigide pour doseuse Bloc CTM Pilote CTM<\/p>","protected":false},"author":1,"featured_media":0,"parent":0,"menu_order":0,"comment_status":"closed","ping_status":"closed","template":"","meta":{"footnotes":""},"_links":{"self":[{"href":"https:\/\/finiquip.ca\/en\/wp-json\/wp\/v2\/pages\/44"}],"collection":[{"href":"https:\/\/finiquip.ca\/en\/wp-json\/wp\/v2\/pages"}],"about":[{"href":"https:\/\/finiquip.ca\/en\/wp-json\/wp\/v2\/types\/page"}],"author":[{"embeddable":true,"href":"https:\/\/finiquip.ca\/en\/wp-json\/wp\/v2\/users\/1"}],"replies":[{"embeddable":true,"href":"https:\/\/finiquip.ca\/en\/wp-json\/wp\/v2\/comments?post=44"}],"version-history":[{"count":0,"href":"https:\/\/finiquip.ca\/en\/wp-json\/wp\/v2\/pages\/44\/revisions"}],"wp:attachment":[{"href":"https:\/\/finiquip.ca\/en\/wp-json\/wp\/v2\/media?parent=44"}],"curies":[{"name":"wp","href":"https:\/\/api.w.org\/{rel}","templated":true}]}}