{"id":47,"date":"2014-04-10T18:27:51","date_gmt":"2014-04-10T18:27:51","guid":{"rendered":"http:\/\/finiquip.ca\/?page_id=47"},"modified":"2026-01-23T07:45:04","modified_gmt":"2026-01-23T12:45:04","slug":"documentation-technique-accessoire","status":"publish","type":"page","link":"https:\/\/finiquip.ca\/en\/documentation-technique-accessoire\/","title":{"rendered":"Documentation Technique : Accessoires"},"content":{"rendered":"<hr align=\"left\" size=\"1\" width=\"100%\" \/>\n<h4><strong>Accessoires &#8211; Agitateur<\/strong><\/h4>\n<p><a href=\"http:\/\/finiquip.ca\/wp-content\/uploads\/2014\/04\/agitateur_5G.pdf\" target=\"_blank\" rel=\"noopener noreferrer\">Agitateur 5G<\/a><br \/>\n<a href=\"http:\/\/finiquip.ca\/wp-content\/uploads\/2014\/04\/agitateur_45G.pdf\" target=\"_blank\" rel=\"noopener noreferrer\">Agitateur 45G<\/a><br \/>\n<a href=\"http:\/\/finiquip.ca\/wp-content\/uploads\/2014\/04\/agitateur_45G_elevateur_moto_reducteur.pdf\" target=\"_blank\" rel=\"noopener noreferrer\">Agitateur 45G \u00e9l\u00e9vateur moto r\u00e9ducteur<\/a><\/p>\n<hr align=\"left\" size=\"1\" width=\"100%\" \/>\n<h4><strong>Accessoires &#8211; Autre<\/strong><\/h4>\n<p><a href=\"https:\/\/finiquip.ca\/wp-content\/uploads\/2023\/01\/Chariots.pdf\" target=\"_blank\" rel=\"noopener noreferrer\">Chariots<\/a><br \/>\n<a href=\"http:\/\/finiquip.ca\/wp-content\/uploads\/2019\/05\/Mixer-Expert-for-Micro-62-2661-00.pdf\" target=\"_blank\" rel=\"noopener noreferrer\">Mixer rigide pour doseuse<\/a><br \/>\n<a href=\"http:\/\/finiquip.ca\/wp-content\/uploads\/2014\/04\/canne_barriere_humidite.pdf\" target=\"_blank\" rel=\"noopener noreferrer\">Canne barri\u00e8re d&rsquo;humidit\u00e9<\/a><br \/>\n<a href=\"http:\/\/finiquip.ca\/wp-content\/uploads\/2014\/04\/ensemble_recirculation.pdf\" target=\"_blank\" rel=\"noopener noreferrer\">Ensemble de recirculation<\/a><br \/>\n<a href=\"http:\/\/finiquip.ca\/wp-content\/uploads\/2014\/11\/Raccords-ensemble-recirculation-inox.pdf\" target=\"_blank\" rel=\"noopener noreferrer\">Raccords d&rsquo;ensemble de recirculation inox<\/a><br \/>\n<a href=\"http:\/\/finiquip.ca\/wp-content\/uploads\/2015\/07\/vanne_inox_recirculation.pdf\" target=\"_blank\" rel=\"noopener noreferrer\">Pi\u00e8ces de rechange d&rsquo;ensemble de recirculation inox<\/a><br \/>\n<a href=\"http:\/\/finiquip.ca\/wp-content\/uploads\/2014\/04\/fiche_graisse_verte.pdf\" target=\"_blank\" rel=\"noopener noreferrer\">Fiche graisse verte<\/a><br \/>\n<a href=\"https:\/\/finiquip.ca\/wp-content\/uploads\/2025\/09\/4475_Lubricant_T_COMBINED_FILE_2024.pdf\" target=\"_blank\" rel=\"noopener noreferrer\">Fiche lubrifiant T<\/a><br \/>\n<a href=\"https:\/\/finiquip.ca\/wp-content\/uploads\/2022\/09\/Lube-P-DBE-MSDS-English.pdf\" target=\"_blank\" rel=\"noopener noreferrer\">Fiche lubrifiant P (anglais)<\/a><br \/>\n<a href=\"http:\/\/finiquip.ca\/wp-content\/uploads\/2014\/04\/superfiltre_1-4_1ere_gen.pdf\" target=\"_blank\" rel=\"noopener noreferrer\">Superfiltre 1\/4 (1\u00e8re gen.)<\/a><br \/>\n<a href=\"http:\/\/finiquip.ca\/wp-content\/uploads\/2014\/04\/superfiltre_3-8.pdf\" target=\"_blank\" rel=\"noopener noreferrer\">Superfiltre 3\/8<\/a><br \/>\n<a href=\"http:\/\/finiquip.ca\/wp-content\/uploads\/2014\/04\/vanne_inox_recirculation.pdf\" target=\"_blank\" rel=\"noopener noreferrer\">Vanne inox de recirculation<\/a><\/p>\n<hr align=\"left\" size=\"1\" width=\"100%\" \/>\n<h4><strong>Accessoires &#8211; R\u00e9chauffeur<\/strong><\/h4>\n<p><a href=\"http:\/\/finiquip.ca\/wp-content\/uploads\/2020\/06\/Magma-500-fr.pdf\" target=\"_blank\" rel=\"noopener noreferrer\">Magma 500<\/a><br \/>\n<a href=\"http:\/\/finiquip.ca\/wp-content\/uploads\/2014\/04\/AD60_61.pdf\" target=\"_blank\" rel=\"noopener noreferrer\">AD 60\/61 (pi\u00e8ces)<\/a><br \/>\n<a href=\"http:\/\/finiquip.ca\/wp-content\/uploads\/2014\/04\/notice_AD60_61.pdf\" target=\"_blank\" rel=\"noopener noreferrer\">AD 60\/61 (notice)<\/a><br \/>\n<a href=\"http:\/\/finiquip.ca\/wp-content\/uploads\/2014\/04\/one_pass.pdf\" target=\"_blank\" rel=\"noopener noreferrer\">One-Pass (pi\u00e8ces)<\/a><br \/>\n<a href=\"http:\/\/finiquip.ca\/wp-content\/uploads\/2014\/04\/notice_one_pass.pdf\" target=\"_blank\" rel=\"noopener noreferrer\">One-Pass (notice)<\/a><\/p>\n<hr align=\"left\" size=\"1\" width=\"100%\" \/>\n<h4><strong>Accessoires &#8211; R\u00e9gulateur<\/strong><\/h4>\n<p><a href=\"http:\/\/finiquip.ca\/wp-content\/uploads\/2014\/04\/detendeur_air_1-4.pdf\" target=\"_blank\" rel=\"noopener noreferrer\">D\u00e9tendeur d&rsquo;air 1\/4<\/a><br \/>\n<a href=\"http:\/\/finiquip.ca\/wp-content\/uploads\/2014\/04\/regulateur_Airmix.pdf\" target=\"_blank\" rel=\"noopener noreferrer\">Regulateur Airmix<\/a><br \/>\n<a href=\"http:\/\/finiquip.ca\/wp-content\/uploads\/2014\/04\/regulateur_Airmix_PH.pdf\" target=\"_blank\" rel=\"noopener noreferrer\">Regulateur Airmix (PH)<\/a><br \/>\n<a href=\"http:\/\/finiquip.ca\/wp-content\/uploads\/2014\/04\/regulateur_Airmix_retour.pdf\" target=\"_blank\" rel=\"noopener noreferrer\">Regulateur Airmix (retour)<\/a><br \/>\n<a href=\"http:\/\/finiquip.ca\/wp-content\/uploads\/2014\/04\/regulateur_BP_manu_GP.pdf\" target=\"_blank\" rel=\"noopener noreferrer\">Regulateur Basse Pression manuelle (gros passage)<\/a><br \/>\n<a href=\"http:\/\/finiquip.ca\/wp-content\/uploads\/2014\/04\/regulateur_BP_manu_PP.pdf\" target=\"_blank\" rel=\"noopener noreferrer\">Regulateur Basse Pression manuelle (petit passage)<\/a><br \/>\n<a href=\"http:\/\/finiquip.ca\/wp-content\/uploads\/2014\/04\/regulateur_BP_pilote.pdf\" target=\"_blank\" rel=\"noopener noreferrer\">Regulateur Basse Pression pilot\u00e9<\/a><br \/>\n<a href=\"http:\/\/finiquip.ca\/wp-content\/uploads\/2014\/04\/regulateur_BP_pmp.pdf\" target=\"_blank\" rel=\"noopener noreferrer\">Regulateur Basse Pression PMP<\/a><br \/>\n<a href=\"http:\/\/finiquip.ca\/wp-content\/uploads\/2014\/04\/regulateur_BP_retour.pdf\" target=\"_blank\" rel=\"noopener noreferrer\">Regulateur Basse Pression (retour)<\/a><\/p>","protected":false},"excerpt":{"rendered":"<p>Accessoires &#8211; Agitateur Agitateur 5G Agitateur 45G Agitateur 45G \u00e9l\u00e9vateur moto r\u00e9ducteur Accessoires &#8211; Autre Chariots Mixer rigide pour doseuse Canne barri\u00e8re d&rsquo;humidit\u00e9 Ensemble de recirculation Raccords d&rsquo;ensemble de recirculation inox Pi\u00e8ces de rechange d&rsquo;ensemble de recirculation inox Fiche graisse verte Fiche lubrifiant T Fiche lubrifiant P (anglais) Superfiltre 1\/4 (1\u00e8re gen.) Superfiltre 3\/8 Vanne [&hellip;]<\/p>","protected":false},"author":1,"featured_media":0,"parent":0,"menu_order":0,"comment_status":"closed","ping_status":"closed","template":"","meta":{"footnotes":""},"_links":{"self":[{"href":"https:\/\/finiquip.ca\/en\/wp-json\/wp\/v2\/pages\/47"}],"collection":[{"href":"https:\/\/finiquip.ca\/en\/wp-json\/wp\/v2\/pages"}],"about":[{"href":"https:\/\/finiquip.ca\/en\/wp-json\/wp\/v2\/types\/page"}],"author":[{"embeddable":true,"href":"https:\/\/finiquip.ca\/en\/wp-json\/wp\/v2\/users\/1"}],"replies":[{"embeddable":true,"href":"https:\/\/finiquip.ca\/en\/wp-json\/wp\/v2\/comments?post=47"}],"version-history":[{"count":0,"href":"https:\/\/finiquip.ca\/en\/wp-json\/wp\/v2\/pages\/47\/revisions"}],"wp:attachment":[{"href":"https:\/\/finiquip.ca\/en\/wp-json\/wp\/v2\/media?parent=47"}],"curies":[{"name":"wp","href":"https:\/\/api.w.org\/{rel}","templated":true}]}}