{"id":71,"date":"2014-04-10T18:37:15","date_gmt":"2014-04-10T18:37:15","guid":{"rendered":"http:\/\/finiquip.ca\/?page_id=71"},"modified":"2023-10-18T14:38:31","modified_gmt":"2023-10-18T19:38:31","slug":"contact","status":"publish","type":"page","link":"https:\/\/finiquip.ca\/en\/contact\/","title":{"rendered":"CONTACT"},"content":{"rendered":"<p><!-- Google tag (gtag.js) --><br \/>\n<script async src=\"https:\/\/www.googletagmanager.com\/gtag\/js?id=G-K75RMCLX99\"><\/script><br \/>\n<script>\n  window.dataLayer = window.dataLayer || [];\n  function gtag(){dataLayer.push(arguments);}\n  gtag('js', new Date());<\/p>\n<p>  gtag('config', 'G-K75RMCLX99');\n<\/script><\/p>\n<h4><strong style=\"font-size: 1.17em; line-height: 1.5em;\"> <iframe src=\"https:\/\/www.google.com\/maps\/embed?pb=!1m18!1m12!1m3!1d2767.0492756356966!2d-71.9512757485251!3d46.08999519938568!2m3!1f0!2f0!3f0!3m2!1i1024!2i768!4f13.1!3m3!1m2!1s0x4cb806b4026042c3%3A0xd50b8d63f35f0d09!2s325%20J-Aur%C3%A8le-Roux%20%235%2C%20Victoriaville%2C%20QC%20G6T%200N5!5e0!3m2!1sen!2sca!4v1657236303664!5m2!1sen!2sca\" width=\"1000\" height=\"450\" style=\"border:0;\" allowfullscreen=\"\" loading=\"lazy\" referrerpolicy=\"no-referrer-when-downgrade\"><\/iframe> <\/a>FINIQUIP EXPERTISE<\/strong><\/h4>\n<h4>325 (suite #5) rue J-Aur\u00e8le-Roux<br \/>\nVictoriaville, Qu\u00e9bec <br \/>\nG6T 0N6 <br \/>\n<em>T\u00e9l.:<\/em> <strong>819-364-7848<\/strong><br \/>\n<em>T\u00e9l\u00e9c.:<\/em> <strong>819-364-6008<\/strong><\/h4>\n<p>\n<em><strong>Informations bancaire : <\/strong> <\/em> <a href=\"https:\/\/finiquip.ca\/en\/informations-bancaire\/\">FR<\/a> \/ <\/strong> <\/em> <a href=\"https:\/\/finiquip.ca\/en\/payment\/\">EN<\/a><br \/>\n<br \/><em><strong>Informations g\u00e9n\u00e9rales : <\/strong><\/em><a href=\"mailto:info@finiquip.ca\">info@finiquip.ca<\/a><br \/>\n<span style=\"color: #99cc00;\">&#8230;&#8230;&#8230;&#8230;&#8230;&#8230;&#8230;&#8230;&#8230;&#8230;&#8230;&#8230;&#8230;&#8230;&#8230;&#8230;&#8230;&#8230;&#8230;&#8230;&#8230;&#8230;&#8230;&#8230;&#8230;&#8230;&#8230;<\/span><\/p>\n<h3>L&rsquo;\u00c9QUIPE<\/h3>\n<p><table border=\"0\"><br \/>\n  <tr> <\/p>\n<p> <th> <\/p>\n<td align=\"left\" valign=\"top\" width=\"320\"><strong>Miguel Sarazin<\/strong><br \/>\nResponsable des op\u00e9rations<br \/>\n<strong><em>Courriel :<\/em> <a href=\"mailto:msarazin@finiquip.ca\">msarazin@finiquip.ca<\/a><\/strong><br \/>\n<br \/><span style=\"color: #99cc00;\">&#8230;&#8230;&#8230;&#8230;&#8230;&#8230;&#8230;&#8230;&#8230;&#8230;&#8230;&#8230;&#8230;&#8230;&#8230;&#8230;&#8230;&#8230;&#8230;&#8230;&#8230;&#8230;..<\/span>\n<\/td>\n<p> <\/TH> <\/p>\n<p> <th> <\/p>\n<td align=\"left\" valign=\"top\" width=\"320\"><strong>Pascal Bri\u00e8re<\/strong><br \/>\nAssoci\u00e9 \/ Responsable technique<br \/>\n<strong><em>Courriel :<\/em> <a href=\"mailto:pbriere@finiquip.ca\">pbriere@finiquip.ca<\/a><\/strong><br \/>\n<br \/><span style=\"color: #99cc00;\">&#8230;&#8230;&#8230;&#8230;&#8230;&#8230;&#8230;&#8230;&#8230;&#8230;&#8230;&#8230;&#8230;&#8230;&#8230;&#8230;&#8230;&#8230;&#8230;&#8230;&#8230;&#8230;&#8230;<\/span>\n<\/td>\n<p> <\/TH> <\/p>\n<p> <th> <\/p>\n<td align=\"left\" valign=\"top\" width=\"320\"><strong>Christian Gigu\u00e8re<\/strong><br \/>\nAssoci\u00e9 \/ Repr\u00e9sentant<br \/>\n<strong><em>Courriel :<\/em> <a href=\"mailto:cgiguere@finiquip.ca\">cgiguere@finiquip.ca<\/a><\/strong><br \/>\n<br \/><span style=\"color: #99cc00;\">&#8230;&#8230;&#8230;&#8230;&#8230;&#8230;&#8230;&#8230;&#8230;&#8230;&#8230;&#8230;&#8230;&#8230;&#8230;&#8230;&#8230;&#8230;&#8230;&#8230;&#8230;&#8230;..<\/span>\n<\/td>\n<p> <\/TH> <\/p>\n<p>  <\/tr><br \/>\n  <tr><br \/>\n <th> <\/p>\n<td align=\"left\" valign=\"top\" width=\"320\"><strong>Philippe-Olivier S\u00e9vigny<\/strong><br \/>\nAssoci\u00e9 \/ Technicien<br \/>\n<strong><em>Courriel :<\/em> <a href=\"mailto:psevigny@finiquip.ca\">psevigny@finiquip.ca<\/a><\/strong><br \/>\n<br \/><span style=\"color: #99cc00;\">&#8230;&#8230;&#8230;&#8230;&#8230;&#8230;&#8230;&#8230;&#8230;&#8230;&#8230;&#8230;&#8230;&#8230;&#8230;&#8230;&#8230;&#8230;&#8230;&#8230;&#8230;&#8230;..<\/span><\/td>\n<p> <\/TH> <\/p>\n<p><th> <\/p>\n<td align=\"left\" valign=\"top\" width=\"320\"><strong>Pim Sanders<\/strong><br \/>\nRepr\u00e9sentant<br \/>\n<strong><em>Courriel :<\/em> <a href=\"mailto:psanders@finiquip.ca\">psanders@finiquip.ca<\/a><\/strong><br \/>\n<br \/><span style=\"color: #99cc00;\">&#8230;&#8230;&#8230;&#8230;&#8230;&#8230;&#8230;&#8230;&#8230;&#8230;&#8230;&#8230;&#8230;&#8230;&#8230;&#8230;&#8230;&#8230;&#8230;&#8230;&#8230;&#8230;&#8230;<\/span>\n<\/td>\n<p> <\/TH> <\/p>\n<p> <td> <\/p>\n<td align=\"left\" valign=\"top\" width=\"320\"><strong>Annie Lavoie<\/strong><br \/>\nComptabilit\u00e9<br \/>\n<strong><em>Courriel :<\/em> <a href=\"mailto:alavoie@finiquip.ca\">alavoie@finiquip.ca<\/a><\/strong><br \/>\n<br \/><span style=\"color: #99cc00;\">&#8230;&#8230;&#8230;&#8230;&#8230;&#8230;&#8230;&#8230;&#8230;&#8230;&#8230;&#8230;&#8230;&#8230;&#8230;&#8230;&#8230;&#8230;&#8230;&#8230;&#8230;&#8230;..<\/span>\n<\/td>\n<p> <\/TD> <\/p>\n<p> <tr> <\/p>\n<p> <th> <\/p>\n<td align=\"left\" valign=\"top\" width=\"320\"><strong>Junior St-Louis<\/strong><br \/>\nTechnicien<br \/>\n<strong><em>Courriel :<\/em> <a href=\"mailto:jstlouis@finiquip.ca\">jstlouis@finiquip.ca<\/a><\/strong><br \/>\n<br \/><span style=\"color: #99cc00;\">&#8230;&#8230;&#8230;&#8230;&#8230;&#8230;&#8230;&#8230;&#8230;&#8230;&#8230;&#8230;&#8230;&#8230;&#8230;&#8230;&#8230;&#8230;&#8230;&#8230;&#8230;&#8230;..<\/span>\n<\/td>\n<p> <\/TH> <\/p>\n<p><td> <\/td> <\/p>\n<p>  <\/tr><br \/>\n<\/table><\/p>\n<p>&nbsp;<\/p>","protected":false},"excerpt":{"rendered":"<p>FINIQUIP EXPERTISE 325 (suite #5) rue J-Aur\u00e8le-Roux Victoriaville, Qu\u00e9bec G6T 0N6 T\u00e9l.: 819-364-7848 T\u00e9l\u00e9c.: 819-364-6008 Informations bancaire : FR \/ EN Informations g\u00e9n\u00e9rales : info@finiquip.ca &#8230;&#8230;&#8230;&#8230;&#8230;&#8230;&#8230;&#8230;&#8230;&#8230;&#8230;&#8230;&#8230;&#8230;&#8230;&#8230;&#8230;&#8230;&#8230;&#8230;&#8230;&#8230;&#8230;&#8230;&#8230;&#8230;&#8230; L&rsquo;\u00c9QUIPE Miguel Sarazin Responsable des op\u00e9rations Courriel : msarazin@finiquip.ca &#8230;&#8230;&#8230;&#8230;&#8230;&#8230;&#8230;&#8230;&#8230;&#8230;&#8230;&#8230;&#8230;&#8230;&#8230;&#8230;&#8230;&#8230;&#8230;&#8230;&#8230;&#8230;.. Pascal Bri\u00e8re Associ\u00e9 \/ Responsable technique Courriel : pbriere@finiquip.ca &#8230;&#8230;&#8230;&#8230;&#8230;&#8230;&#8230;&#8230;&#8230;&#8230;&#8230;&#8230;&#8230;&#8230;&#8230;&#8230;&#8230;&#8230;&#8230;&#8230;&#8230;&#8230;&#8230; Christian Gigu\u00e8re Associ\u00e9 \/ Repr\u00e9sentant Courriel : cgiguere@finiquip.ca &#8230;&#8230;&#8230;&#8230;&#8230;&#8230;&#8230;&#8230;&#8230;&#8230;&#8230;&#8230;&#8230;&#8230;&#8230;&#8230;&#8230;&#8230;&#8230;&#8230;&#8230;&#8230;.. [&hellip;]<\/p>","protected":false},"author":1,"featured_media":0,"parent":0,"menu_order":0,"comment_status":"closed","ping_status":"closed","template":"","meta":{"footnotes":""},"_links":{"self":[{"href":"https:\/\/finiquip.ca\/en\/wp-json\/wp\/v2\/pages\/71"}],"collection":[{"href":"https:\/\/finiquip.ca\/en\/wp-json\/wp\/v2\/pages"}],"about":[{"href":"https:\/\/finiquip.ca\/en\/wp-json\/wp\/v2\/types\/page"}],"author":[{"embeddable":true,"href":"https:\/\/finiquip.ca\/en\/wp-json\/wp\/v2\/users\/1"}],"replies":[{"embeddable":true,"href":"https:\/\/finiquip.ca\/en\/wp-json\/wp\/v2\/comments?post=71"}],"version-history":[{"count":0,"href":"https:\/\/finiquip.ca\/en\/wp-json\/wp\/v2\/pages\/71\/revisions"}],"wp:attachment":[{"href":"https:\/\/finiquip.ca\/en\/wp-json\/wp\/v2\/media?parent=71"}],"curies":[{"name":"wp","href":"https:\/\/api.w.org\/{rel}","templated":true}]}}