{"id":882,"date":"2016-10-07T10:06:29","date_gmt":"2016-10-07T15:06:29","guid":{"rendered":"http:\/\/finiquip.ca\/?page_id=882"},"modified":"2023-01-31T15:31:14","modified_gmt":"2023-01-31T20:31:14","slug":"documentation-technique-poudrage","status":"publish","type":"page","link":"https:\/\/finiquip.ca\/en\/documentation-technique-poudrage\/","title":{"rendered":"Documentation Technique : Poudrage"},"content":{"rendered":"<h4><strong>Manuel:<\/strong><\/h4>\n<p><a href=\"http:\/\/finiquip.ca\/wp-content\/uploads\/2021\/12\/Inogun_manuel_FR.pdf\" target=\"_blank\" rel=\"noopener\">Inogun M \/ Inogun M +<\/a><br \/>\n<a href=\"http:\/\/finiquip.ca\/wp-content\/uploads\/2021\/10\/Inocart_VT_H_FR.pdf\" target=\"_blank\" rel=\"noopener\">Manuel Inocart VT \/ H<\/a><br \/>\n<a href=\"https:\/\/finiquip.ca\/wp-content\/uploads\/2023\/01\/Inobox.pdf\" target=\"_blank\" rel=\"noopener\">Boitier de contr\u00f4le Inobox<\/a><br \/>\n<a href=\"http:\/\/finiquip.ca\/wp-content\/uploads\/2016\/10\/6428_FR.pdf\" target=\"_blank\" rel=\"noopener\">Manuel e-Jet 2<\/a><br \/>\n<a href=\"http:\/\/finiquip.ca\/wp-content\/uploads\/2016\/10\/6426_FR.pdf\" target=\"_blank\" rel=\"noopener\">Pompe \u00e0 poudre CS 130<\/a><br \/>\n<a href=\"http:\/\/finiquip.ca\/wp-content\/uploads\/2017\/06\/CS127_237_238-Powder-Pump.pdf\" target=\"_blank\" rel=\"noopener\">Pompes \u00e0 poudre CS 127, CS 237 et CS 238<\/a><br \/>\n<a href=\"http:\/\/finiquip.ca\/wp-content\/uploads\/2017\/06\/CSV137-hopper.pdf\" target=\"_blank\" rel=\"noopener\">R\u00e9servoir 5 Litres CSV 137<\/a><br \/>\n<a href=\"http:\/\/finiquip.ca\/wp-content\/uploads\/2016\/10\/6336_FR.pdf\" target=\"_blank\" rel=\"noopener\">Pistolet Mach-Jet Gun et Module de commande CRN 457<\/a><\/p>","protected":false},"excerpt":{"rendered":"<p>Manuel: Inogun M \/ Inogun M + Manuel Inocart VT \/ H Boitier de contr\u00f4le Inobox Manuel e-Jet 2 Pompe \u00e0 poudre CS 130 Pompes \u00e0 poudre CS 127, CS 237 et CS 238 R\u00e9servoir 5 Litres CSV 137 Pistolet Mach-Jet Gun et Module de commande CRN 457<\/p>","protected":false},"author":2,"featured_media":0,"parent":0,"menu_order":0,"comment_status":"closed","ping_status":"closed","template":"","meta":{"footnotes":""},"_links":{"self":[{"href":"https:\/\/finiquip.ca\/en\/wp-json\/wp\/v2\/pages\/882"}],"collection":[{"href":"https:\/\/finiquip.ca\/en\/wp-json\/wp\/v2\/pages"}],"about":[{"href":"https:\/\/finiquip.ca\/en\/wp-json\/wp\/v2\/types\/page"}],"author":[{"embeddable":true,"href":"https:\/\/finiquip.ca\/en\/wp-json\/wp\/v2\/users\/2"}],"replies":[{"embeddable":true,"href":"https:\/\/finiquip.ca\/en\/wp-json\/wp\/v2\/comments?post=882"}],"version-history":[{"count":0,"href":"https:\/\/finiquip.ca\/en\/wp-json\/wp\/v2\/pages\/882\/revisions"}],"wp:attachment":[{"href":"https:\/\/finiquip.ca\/en\/wp-json\/wp\/v2\/media?parent=882"}],"curies":[{"name":"wp","href":"https:\/\/api.w.org\/{rel}","templated":true}]}}